{"id":209,"date":"2024-03-12T16:33:44","date_gmt":"2024-03-12T15:33:44","guid":{"rendered":"https:\/\/www.mastya.net\/?page_id=209"},"modified":"2025-01-07T17:07:28","modified_gmt":"2025-01-07T16:07:28","slug":"calendrier","status":"publish","type":"page","link":"https:\/\/www.mastya.net\/index.php\/calendrier\/","title":{"rendered":"Calendrier"},"content":{"rendered":"\n<div class=\"wp-block-columns is-layout-flex wp-container-core-columns-is-layout-9d6595d7 wp-block-columns-is-layout-flex\">\n<div class=\"wp-block-column is-layout-flow wp-block-column-is-layout-flow\" style=\"flex-basis:100%\"><\/div>\n<\/div>\n\n\n\n<hr class=\"wp-block-separator has-alpha-channel-opacity\"\/>\n\n\n\n<h1 class=\"wp-block-heading has-text-align-left\"><strong>Ev\u00e8nements \u00e0 venir<\/strong><\/h1>\n\n\n\n<figure class=\"wp-block-table is-style-regular\"><table><tbody><tr><td>26 janvier<br>2025<\/td><td class=\"has-text-align-center\" data-align=\"center\">Galette des rois<br>(courrier en cours d&rsquo;exp\u00e9dition)<\/td><\/tr><tr><td>08 mars <br>2025<\/td><td class=\"has-text-align-center\" data-align=\"center\">Assembl\u00e9e g\u00e9n\u00e9rale \u00e0 la m\u00e9diath\u00e8que<br>(salle A) de Saint-P\u00e9ray<\/td><\/tr><tr><td>27 avril<br>2025<\/td><td class=\"has-text-align-center\" data-align=\"center\">Journ\u00e9e nationale du souvenir des victimes et des h\u00e9ros de la D\u00e9portation<br>Monument aux morts de Saint-P\u00e9ray\u00a0<\/td><\/tr><tr><td>08 mai<br>2025<\/td><td class=\"has-text-align-center\" data-align=\"center\">Comm\u00e9moration de la victoire du 8 mai 1945, \u00e0 Juventin, st\u00e8le Sully Arnald<br>Saint-P\u00e9ray, Cornas, Guilherand-Granges<\/td><\/tr><tr><td>18 juin<br>2025<\/td><td class=\"has-text-align-center\" data-align=\"center\">Journ\u00e9e nationale comm\u00e9morative de l&rsquo;appel du g\u00e9n\u00e9ral de Gaulle<br>st\u00e8le de l&rsquo;H\u00f4tel de ville<\/td><\/tr><tr><td>14 juillet<br>2025<\/td><td class=\"has-text-align-center\" data-align=\"center\">F\u00eate Nationale avec les sapeurs-pompiers du Canton \u00e0 Saint-P\u00e9ray<br>CSR de Saint-P\u00e9ray<\/td><\/tr><tr><td>20 juillet<br>2025<\/td><td class=\"has-text-align-center\" data-align=\"center\">Journ\u00e9e familiale Parc Chaboud (au CEP si mauvais temps)\u00a0<\/td><\/tr><tr><td>11 novembre<br>2025<\/td><td class=\"has-text-align-center\" data-align=\"center\">Comm\u00e9moration de la victoire et de la Paix, et hommage rendu \u00e0 tous les morts pour la France<br>Saint-P\u00e9ray, Chateaubourg, Cornas, Guilherand-Granges<\/td><\/tr><tr><td>30 novembre<br>2025<\/td><td class=\"has-text-align-center\" data-align=\"center\">Grand loto de l\u2019Union F\u00e9d\u00e9rale de Saint-P\u00e9ray<br>CEP du Prieur\u00e9 (\u00e9v\u00e8nement sous r\u00e9serve)<\/td><\/tr><tr><td>5 d\u00e9cembre<br>2025<\/td><td class=\"has-text-align-center\" data-align=\"center\">Journ\u00e9e nationale d\u2019hommage aux \u00ab morts pour la France \u00bb pendant la guerre\u00a0d\u2019Alg\u00e9rie,<br>les combats du Maroc et de la Tunisie &#8211; Monument aux morts de Saint-P\u00e9ray<\/td><\/tr><\/tbody><\/table><\/figure>\n\n\n\n<pre class=\"wp-block-verse has-black-color has-luminous-vivid-amber-background-color has-text-color has-background has-link-color wp-elements-0623931cd6b0dcb7c8055d44c2bcba50\">Un grand merci et \u00e9norm\u00e9ment de respect \u00e0 nos porte-drapeaux<br>qui sont pr\u00e9sents sur toutes nos c\u00e9r\u00e9monies quel que soit le temps. <\/pre>\n\n\n\n<p><\/p>\n","protected":false},"excerpt":{"rendered":"<p>Ev\u00e8nements \u00e0 venir 26 janvier2025 Galette des rois(courrier en cours d&rsquo;exp\u00e9dition) 08 mars 2025 Assembl\u00e9e g\u00e9n\u00e9rale \u00e0 la m\u00e9diath\u00e8que(salle A) de Saint-P\u00e9ray 27 avril2025 Journ\u00e9e nationale du souvenir des victimes et des h\u00e9ros de la D\u00e9portationMonument aux morts de Saint-P\u00e9ray\u00a0 08 mai2025 Comm\u00e9moration de la victoire du 8 mai 1945, \u00e0 Juventin, st\u00e8le Sully ArnaldSaint-P\u00e9ray, [&hellip;]<\/p>\n","protected":false},"author":1,"featured_media":0,"parent":0,"menu_order":0,"comment_status":"closed","ping_status":"closed","template":"","meta":{"ocean_post_layout":"","ocean_both_sidebars_style":"","ocean_both_sidebars_content_width":0,"ocean_both_sidebars_sidebars_width":0,"ocean_sidebar":"","ocean_second_sidebar":"","ocean_disable_margins":"enable","ocean_add_body_class":"","ocean_shortcode_before_top_bar":"","ocean_shortcode_after_top_bar":"","ocean_shortcode_before_header":"","ocean_shortcode_after_header":"","ocean_has_shortcode":"","ocean_shortcode_after_title":"","ocean_shortcode_before_footer_widgets":"","ocean_shortcode_after_footer_widgets":"","ocean_shortcode_before_footer_bottom":"","ocean_shortcode_after_footer_bottom":"","ocean_display_top_bar":"default","ocean_display_header":"default","ocean_header_style":"","ocean_center_header_left_menu":"","ocean_custom_header_template":"","ocean_custom_logo":0,"ocean_custom_retina_logo":0,"ocean_custom_logo_max_width":0,"ocean_custom_logo_tablet_max_width":0,"ocean_custom_logo_mobile_max_width":0,"ocean_custom_logo_max_height":0,"ocean_custom_logo_tablet_max_height":0,"ocean_custom_logo_mobile_max_height":0,"ocean_header_custom_menu":"","ocean_menu_typo_font_family":"","ocean_menu_typo_font_subset":"","ocean_menu_typo_font_size":0,"ocean_menu_typo_font_size_tablet":0,"ocean_menu_typo_font_size_mobile":0,"ocean_menu_typo_font_size_unit":"px","ocean_menu_typo_font_weight":"","ocean_menu_typo_font_weight_tablet":"","ocean_menu_typo_font_weight_mobile":"","ocean_menu_typo_transform":"","ocean_menu_typo_transform_tablet":"","ocean_menu_typo_transform_mobile":"","ocean_menu_typo_line_height":0,"ocean_menu_typo_line_height_tablet":0,"ocean_menu_typo_line_height_mobile":0,"ocean_menu_typo_line_height_unit":"","ocean_menu_typo_spacing":0,"ocean_menu_typo_spacing_tablet":0,"ocean_menu_typo_spacing_mobile":0,"ocean_menu_typo_spacing_unit":"","ocean_menu_link_color":"","ocean_menu_link_color_hover":"","ocean_menu_link_color_active":"","ocean_menu_link_background":"","ocean_menu_link_hover_background":"","ocean_menu_link_active_background":"","ocean_menu_social_links_bg":"","ocean_menu_social_hover_links_bg":"","ocean_menu_social_links_color":"","ocean_menu_social_hover_links_color":"","ocean_disable_title":"default","ocean_disable_heading":"default","ocean_post_title":"","ocean_post_subheading":"","ocean_post_title_style":"","ocean_post_title_background_color":"","ocean_post_title_background":0,"ocean_post_title_bg_image_position":"","ocean_post_title_bg_image_attachment":"","ocean_post_title_bg_image_repeat":"","ocean_post_title_bg_image_size":"","ocean_post_title_height":0,"ocean_post_title_bg_overlay":0.5,"ocean_post_title_bg_overlay_color":"","ocean_disable_breadcrumbs":"default","ocean_breadcrumbs_color":"","ocean_breadcrumbs_separator_color":"","ocean_breadcrumbs_links_color":"","ocean_breadcrumbs_links_hover_color":"","ocean_display_footer_widgets":"default","ocean_display_footer_bottom":"default","ocean_custom_footer_template":"","footnotes":""},"class_list":["post-209","page","type-page","status-publish","hentry","entry"],"jetpack_sharing_enabled":true,"_links":{"self":[{"href":"https:\/\/www.mastya.net\/index.php\/wp-json\/wp\/v2\/pages\/209","targetHints":{"allow":["GET"]}}],"collection":[{"href":"https:\/\/www.mastya.net\/index.php\/wp-json\/wp\/v2\/pages"}],"about":[{"href":"https:\/\/www.mastya.net\/index.php\/wp-json\/wp\/v2\/types\/page"}],"author":[{"embeddable":true,"href":"https:\/\/www.mastya.net\/index.php\/wp-json\/wp\/v2\/users\/1"}],"replies":[{"embeddable":true,"href":"https:\/\/www.mastya.net\/index.php\/wp-json\/wp\/v2\/comments?post=209"}],"version-history":[{"count":29,"href":"https:\/\/www.mastya.net\/index.php\/wp-json\/wp\/v2\/pages\/209\/revisions"}],"predecessor-version":[{"id":1170,"href":"https:\/\/www.mastya.net\/index.php\/wp-json\/wp\/v2\/pages\/209\/revisions\/1170"}],"wp:attachment":[{"href":"https:\/\/www.mastya.net\/index.php\/wp-json\/wp\/v2\/media?parent=209"}],"curies":[{"name":"wp","href":"https:\/\/api.w.org\/{rel}","templated":true}]}}