{"id":180,"date":"2024-03-12T15:39:32","date_gmt":"2024-03-12T14:39:32","guid":{"rendered":"https:\/\/www.mastya.net\/?page_id=180"},"modified":"2025-01-28T10:57:11","modified_gmt":"2025-01-28T09:57:11","slug":"page-daccueil","status":"publish","type":"page","link":"https:\/\/www.mastya.net\/","title":{"rendered":"UFAC &#8211; Section de Saint-P\u00e9ray (Ard\u00e8che)"},"content":{"rendered":"<div class=\"wp-block-image is-style-rounded\">\n<figure class=\"aligncenter size-full is-resized\"><img loading=\"lazy\" decoding=\"async\" width=\"599\" height=\"599\" src=\"https:\/\/www.mastya.net\/wp-content\/uploads\/2024\/03\/ufacstperay.jpg\" alt=\"\" class=\"wp-image-93\" style=\"width:300px\" srcset=\"https:\/\/www.mastya.net\/wp-content\/uploads\/2024\/03\/ufacstperay.jpg 599w, https:\/\/www.mastya.net\/wp-content\/uploads\/2024\/03\/ufacstperay-300x300.jpg 300w, https:\/\/www.mastya.net\/wp-content\/uploads\/2024\/03\/ufacstperay-150x150.jpg 150w\" sizes=\"auto, (max-width: 599px) 100vw, 599px\" \/><\/figure>\n<\/div>\n\n\n<hr class=\"wp-block-separator has-alpha-channel-opacity\"\/>\n\n\n\n<p class=\"has-text-align-center has-medium-font-size\">Pour les prochains \u00e9v\u00e8nements de la section, merci de consultez notre <a href=\"https:\/\/www.mastya.net\/index.php\/calendrier\/\" data-type=\"page\" data-id=\"209\">calendrier<\/a><\/p>\n\n\n\n<hr class=\"wp-block-separator has-alpha-channel-opacity is-style-wide\"\/>\n\n\n\n<p class=\"has-text-align-center has-pale-cyan-blue-color has-black-background-color has-text-color has-background has-link-color has-medium-font-size wp-elements-c1e3337c5b235277ab300a43f7ea483b\"><strong>La section de l&rsquo;UF de Saint-P\u00e9ray vous pr\u00e9sente ses meilleurs v\u0153ux \u00e0 l&rsquo;occasion de cette nouvelle ann\u00e9e. <\/strong><\/p>\n\n\n<div class=\"wp-block-image\">\n<figure class=\"aligncenter size-full\"><img loading=\"lazy\" decoding=\"async\" width=\"720\" height=\"540\" src=\"https:\/\/www.mastya.net\/wp-content\/uploads\/2025\/01\/473414916_1029692492534428_6712172045001449825_n-1.jpg\" alt=\"\" class=\"wp-image-1235\" srcset=\"https:\/\/www.mastya.net\/wp-content\/uploads\/2025\/01\/473414916_1029692492534428_6712172045001449825_n-1.jpg 720w, https:\/\/www.mastya.net\/wp-content\/uploads\/2025\/01\/473414916_1029692492534428_6712172045001449825_n-1-300x225.jpg 300w\" sizes=\"auto, (max-width: 720px) 100vw, 720px\" \/><\/figure>\n<\/div>\n\n\n<hr class=\"wp-block-separator has-alpha-channel-opacity is-style-wide\"\/>\n\n\n\n<p class=\"has-text-align-center\"><strong>Nous vous proposons de d\u00e9couvrir le film qui retrace le 80\u00e8me anniversaire de la lib\u00e9ration de Saint-P\u00e9ray<\/strong>.<\/p>\n\n\n\n<figure class=\"wp-block-video\"><video height=\"720\" style=\"aspect-ratio: 1280 \/ 720;\" width=\"1280\" controls src=\"https:\/\/www.mastya.net\/wp-content\/uploads\/2025\/01\/80-ans-Saint-Peray-1.mp4\"><\/video><\/figure>\n\n\n\n<hr class=\"wp-block-separator has-alpha-channel-opacity is-style-wide\"\/>\n\n\n\n<h2 class=\"wp-block-heading has-text-align-center\">Nos derniers articles :<\/h2>\n\n\n<ul style=\"font-style:normal;font-weight:600;\" class=\"wp-block-latest-posts__list is-grid columns-3 has-link-color aligncenter wp-elements-272e7f7ca84dea4405b5fc6305e6ab04 wp-block-latest-posts has-text-color has-black-color has-background has-luminous-vivid-amber-background-color\"><li><a class=\"wp-block-latest-posts__post-title\" href=\"https:\/\/www.mastya.net\/index.php\/2025\/01\/28\/voeux-2025-et-galette\/\">Galette 2025<\/a><\/li>\n<li><a class=\"wp-block-latest-posts__post-title\" href=\"https:\/\/www.mastya.net\/index.php\/2025\/01\/02\/meilleurs-voeux-pour-2025\/\">V\u0153ux 2025<\/a><\/li>\n<li><a class=\"wp-block-latest-posts__post-title\" href=\"https:\/\/www.mastya.net\/index.php\/2024\/12\/24\/fetes-de-fin-dannee\/\">F\u00eates de fin d&rsquo;ann\u00e9e<\/a><\/li>\n<li><a class=\"wp-block-latest-posts__post-title\" href=\"https:\/\/www.mastya.net\/index.php\/2024\/12\/16\/loto-de-luf-de-saint-peray\/\">Loto de l&rsquo;UF de Saint-P\u00e9ray<\/a><\/li>\n<li><a class=\"wp-block-latest-posts__post-title\" href=\"https:\/\/www.mastya.net\/index.php\/2024\/12\/05\/1112\/\">C\u00e9r\u00e9monie du 5 d\u00e9cembre 2024<\/a><\/li>\n<li><a class=\"wp-block-latest-posts__post-title\" href=\"https:\/\/www.mastya.net\/index.php\/2024\/11\/11\/ceremonie-du-11-novembre-saint-peray\/\">C\u00e9r\u00e9monie du 11 novembre &#8211; Saint-P\u00e9ray<\/a><\/li>\n<li><a class=\"wp-block-latest-posts__post-title\" href=\"https:\/\/www.mastya.net\/index.php\/2024\/11\/11\/ceremonie-du-11-novembre-cornas\/\">C\u00e9r\u00e9monie du 11 novembre &#8211; Cornas<\/a><\/li>\n<li><a class=\"wp-block-latest-posts__post-title\" href=\"https:\/\/www.mastya.net\/index.php\/2024\/11\/11\/ceremonie-du-11-novembre-saint-romain-de-lerps\/\">C\u00e9r\u00e9monie du 11 novembre &#8211; Saint-Romain-de-Lerps<\/a><\/li>\n<li><a class=\"wp-block-latest-posts__post-title\" href=\"https:\/\/www.mastya.net\/index.php\/2024\/11\/11\/ceremonie-du-11-novembre-chateaubourg\/\">C\u00e9r\u00e9monie du 11 novembre &#8211; Ch\u00e2teaubourg<\/a><\/li>\n<li><a class=\"wp-block-latest-posts__post-title\" href=\"https:\/\/www.mastya.net\/index.php\/2024\/09\/30\/80-ans-de-la-liberation\/\">80 ans de la Lib\u00e9ration<\/a><\/li>\n<li><a class=\"wp-block-latest-posts__post-title\" href=\"https:\/\/www.mastya.net\/index.php\/2024\/07\/14\/ceremonie-du-14-juillet\/\">C\u00e9r\u00e9monie du 14 juillet<\/a><\/li>\n<li><a class=\"wp-block-latest-posts__post-title\" href=\"https:\/\/www.mastya.net\/index.php\/2024\/06\/24\/la-flamme-olympique-a-valence\/\">La flamme Olympique \u00e0 Valence<\/a><\/li>\n<\/ul>\n\n\n<p><\/p>\n","protected":false},"excerpt":{"rendered":"<p>Pour les prochains \u00e9v\u00e8nements de la section, merci de consultez notre calendrier La section de l&rsquo;UF de Saint-P\u00e9ray vous pr\u00e9sente ses meilleurs v\u0153ux \u00e0 l&rsquo;occasion de cette nouvelle ann\u00e9e. Nous vous proposons de d\u00e9couvrir le film qui retrace le 80\u00e8me anniversaire de la lib\u00e9ration de Saint-P\u00e9ray. Nos derniers articles :<\/p>\n","protected":false},"author":1,"featured_media":0,"parent":0,"menu_order":0,"comment_status":"closed","ping_status":"closed","template":"","meta":{"ocean_post_layout":"","ocean_both_sidebars_style":"","ocean_both_sidebars_content_width":0,"ocean_both_sidebars_sidebars_width":0,"ocean_sidebar":"","ocean_second_sidebar":"","ocean_disable_margins":"enable","ocean_add_body_class":"","ocean_shortcode_before_top_bar":"","ocean_shortcode_after_top_bar":"","ocean_shortcode_before_header":"","ocean_shortcode_after_header":"","ocean_has_shortcode":"","ocean_shortcode_after_title":"","ocean_shortcode_before_footer_widgets":"","ocean_shortcode_after_footer_widgets":"","ocean_shortcode_before_footer_bottom":"","ocean_shortcode_after_footer_bottom":"","ocean_display_top_bar":"default","ocean_display_header":"default","ocean_header_style":"","ocean_center_header_left_menu":"","ocean_custom_header_template":"","ocean_custom_logo":0,"ocean_custom_retina_logo":0,"ocean_custom_logo_max_width":0,"ocean_custom_logo_tablet_max_width":0,"ocean_custom_logo_mobile_max_width":0,"ocean_custom_logo_max_height":0,"ocean_custom_logo_tablet_max_height":0,"ocean_custom_logo_mobile_max_height":0,"ocean_header_custom_menu":"","ocean_menu_typo_font_family":"","ocean_menu_typo_font_subset":"","ocean_menu_typo_font_size":0,"ocean_menu_typo_font_size_tablet":0,"ocean_menu_typo_font_size_mobile":0,"ocean_menu_typo_font_size_unit":"px","ocean_menu_typo_font_weight":"","ocean_menu_typo_font_weight_tablet":"","ocean_menu_typo_font_weight_mobile":"","ocean_menu_typo_transform":"","ocean_menu_typo_transform_tablet":"","ocean_menu_typo_transform_mobile":"","ocean_menu_typo_line_height":0,"ocean_menu_typo_line_height_tablet":0,"ocean_menu_typo_line_height_mobile":0,"ocean_menu_typo_line_height_unit":"","ocean_menu_typo_spacing":0,"ocean_menu_typo_spacing_tablet":0,"ocean_menu_typo_spacing_mobile":0,"ocean_menu_typo_spacing_unit":"","ocean_menu_link_color":"","ocean_menu_link_color_hover":"","ocean_menu_link_color_active":"","ocean_menu_link_background":"","ocean_menu_link_hover_background":"","ocean_menu_link_active_background":"","ocean_menu_social_links_bg":"","ocean_menu_social_hover_links_bg":"","ocean_menu_social_links_color":"","ocean_menu_social_hover_links_color":"","ocean_disable_title":"on","ocean_disable_heading":"default","ocean_post_title":"","ocean_post_subheading":"","ocean_post_title_style":"","ocean_post_title_background_color":"","ocean_post_title_background":0,"ocean_post_title_bg_image_position":"","ocean_post_title_bg_image_attachment":"","ocean_post_title_bg_image_repeat":"","ocean_post_title_bg_image_size":"","ocean_post_title_height":0,"ocean_post_title_bg_overlay":0.5,"ocean_post_title_bg_overlay_color":"","ocean_disable_breadcrumbs":"default","ocean_breadcrumbs_color":"","ocean_breadcrumbs_separator_color":"","ocean_breadcrumbs_links_color":"","ocean_breadcrumbs_links_hover_color":"","ocean_display_footer_widgets":"default","ocean_display_footer_bottom":"default","ocean_custom_footer_template":"","footnotes":""},"class_list":["post-180","page","type-page","status-publish","hentry","entry"],"jetpack_sharing_enabled":true,"_links":{"self":[{"href":"https:\/\/www.mastya.net\/index.php\/wp-json\/wp\/v2\/pages\/180","targetHints":{"allow":["GET"]}}],"collection":[{"href":"https:\/\/www.mastya.net\/index.php\/wp-json\/wp\/v2\/pages"}],"about":[{"href":"https:\/\/www.mastya.net\/index.php\/wp-json\/wp\/v2\/types\/page"}],"author":[{"embeddable":true,"href":"https:\/\/www.mastya.net\/index.php\/wp-json\/wp\/v2\/users\/1"}],"replies":[{"embeddable":true,"href":"https:\/\/www.mastya.net\/index.php\/wp-json\/wp\/v2\/comments?post=180"}],"version-history":[{"count":45,"href":"https:\/\/www.mastya.net\/index.php\/wp-json\/wp\/v2\/pages\/180\/revisions"}],"predecessor-version":[{"id":1236,"href":"https:\/\/www.mastya.net\/index.php\/wp-json\/wp\/v2\/pages\/180\/revisions\/1236"}],"wp:attachment":[{"href":"https:\/\/www.mastya.net\/index.php\/wp-json\/wp\/v2\/media?parent=180"}],"curies":[{"name":"wp","href":"https:\/\/api.w.org\/{rel}","templated":true}]}}